{"id":2531,"date":"2024-04-11T15:38:03","date_gmt":"2024-04-11T15:38:03","guid":{"rendered":"https:\/\/desktopequip.com\/?page_id=2531"},"modified":"2024-04-11T15:38:03","modified_gmt":"2024-04-11T15:38:03","slug":"desktop-sls-printer","status":"publish","type":"page","link":"https:\/\/www.origmaker.cn\/index.php\/desktop-sls-printer\/","title":{"rendered":"Desktop SLS Printer"},"content":{"rendered":"\n<div class=\"wp-block-uagb-container uagb-block-axahaq7v alignfull uagb-is-root-container\"><div class=\"uagb-container-inner-blocks-wrap\">\n<div class=\"wp-block-uagb-container uagb-block-vjpy7m3r\">\n<div class=\"wp-block-uagb-info-box uagb-block-jd7t9vcz uagb-infobox__content-wrap  uagb-infobox-icon-above-title uagb-infobox-image-valign-top\"><div class=\"uagb-ifb-content\"><div class=\"uagb-ifb-title-wrap\"><h3 class=\"uagb-ifb-title\">Exploring the Future of Desktop 3D Printing<\/h3><\/div><p class=\"uagb-ifb-desc\">F100 is a desktop-grade SLS (powder sintering) 3D printer.<br>It&#8217;s easy to use, prints industrial-grade nylon, multiple models at once, and can be placed on your desktop, giving you the freedom to create!<\/p><\/div><\/div>\n\n\n\n<div class=\"wp-block-uagb-icon-list uagb-block-jxntgnfn\"><div class=\"uagb-icon-list__wrap\">\n<div class=\"wp-block-uagb-icon-list-child uagb-block-wlgdf93y\"><span class=\"uagb-icon-list__source-wrap\"><svg xmlns=\"https:\/\/www.w3.org\/2000\/svg\" viewBox=\"0 0 448 512\"><path d=\"M438.6 105.4C451.1 117.9 451.1 138.1 438.6 150.6L182.6 406.6C170.1 419.1 149.9 419.1 137.4 406.6L9.372 278.6C-3.124 266.1-3.124 245.9 9.372 233.4C21.87 220.9 42.13 220.9 54.63 233.4L159.1 338.7L393.4 105.4C405.9 92.88 426.1 92.88 438.6 105.4H438.6z\"><\/path><\/svg><\/span><span class=\"uagb-icon-list__label\">High-performance materials<\/span><\/div>\n\n\n\n<div class=\"wp-block-uagb-icon-list-child uagb-block-cgbtkr44\"><span class=\"uagb-icon-list__source-wrap\"><svg xmlns=\"https:\/\/www.w3.org\/2000\/svg\" viewBox=\"0 0 448 512\"><path d=\"M438.6 105.4C451.1 117.9 451.1 138.1 438.6 150.6L182.6 406.6C170.1 419.1 149.9 419.1 137.4 406.6L9.372 278.6C-3.124 266.1-3.124 245.9 9.372 233.4C21.87 220.9 42.13 220.9 54.63 233.4L159.1 338.7L393.4 105.4C405.9 92.88 426.1 92.88 438.6 105.4H438.6z\"><\/path><\/svg><\/span><span class=\"uagb-icon-list__label\">Unsupported 3D Printing<\/span><\/div>\n\n\n\n<div class=\"wp-block-uagb-icon-list-child uagb-block-yavtu22s\"><span class=\"uagb-icon-list__source-wrap\"><svg xmlns=\"https:\/\/www.w3.org\/2000\/svg\" viewBox=\"0 0 448 512\"><path d=\"M438.6 105.4C451.1 117.9 451.1 138.1 438.6 150.6L182.6 406.6C170.1 419.1 149.9 419.1 137.4 406.6L9.372 278.6C-3.124 266.1-3.124 245.9 9.372 233.4C21.87 220.9 42.13 220.9 54.63 233.4L159.1 338.7L393.4 105.4C405.9 92.88 426.1 92.88 438.6 105.4H438.6z\"><\/path><\/svg><\/span><span class=\"uagb-icon-list__label\">Economic Manufacturing Solutions<\/span><\/div>\n\n\n\n<div class=\"wp-block-uagb-icon-list-child uagb-block-crdekrok\"><span class=\"uagb-icon-list__source-wrap\"><svg xmlns=\"https:\/\/www.w3.org\/2000\/svg\" viewBox=\"0 0 448 512\"><path d=\"M438.6 105.4C451.1 117.9 451.1 138.1 438.6 150.6L182.6 406.6C170.1 419.1 149.9 419.1 137.4 406.6L9.372 278.6C-3.124 266.1-3.124 245.9 9.372 233.4C21.87 220.9 42.13 220.9 54.63 233.4L159.1 338.7L393.4 105.4C405.9 92.88 426.1 92.88 438.6 105.4H438.6z\"><\/path><\/svg><\/span><span class=\"uagb-icon-list__label\">High-precision printing<\/span><\/div>\n<\/div><\/div>\n<\/div>\n\n\n\n<div class=\"wp-block-uagb-container uagb-block-b884vizz\">\n<div class=\"wp-block-uagb-image aligncenter uagb-block-qllpojlc wp-block-uagb-image--layout-default wp-block-uagb-image--effect-static wp-block-uagb-image--align-center\"><figure class=\"wp-block-uagb-image__figure\"><img decoding=\"async\" srcset=\"https:\/\/desktopequip.com\/wp-content\/uploads\/2025\/11\/F100-SLS-3D-Printer01-463x1024.jpg ,https:\/\/desktopequip.com\/wp-content\/uploads\/2025\/11\/F100-SLS-3D-Printer01.jpg 780w, https:\/\/desktopequip.com\/wp-content\/uploads\/2025\/11\/F100-SLS-3D-Printer01.jpg 360w\" sizes=\"auto, (max-width: 480px) 150px\" src=\"http:\/\/www.origmaker.cn\/wp-content\/uploads\/2025\/11\/F100-SLS-3D-Printer01-463x1024.jpg\" alt=\"\" class=\"uag-image-3574\" width=\"225\" height=\"500\" title=\"F100 SLS 3D Printer01\" loading=\"lazy\" role=\"img\"\/><figcaption class=\"uagb-image-caption\">$3349<\/figcaption><\/figure><\/div>\n<\/div>\n<\/div><\/div>\n\n\n\n<div class=\"wp-block-uagb-advanced-heading uagb-block-bbfe6311\"><h2 class=\"uagb-heading-text\">Video<\/h2><\/div>\n\n\n\n<div class=\"wp-block-uagb-container uagb-block-082e1511 alignfull uagb-is-root-container\"><div class=\"uagb-container-inner-blocks-wrap\">\n<div class=\"wp-block-uagb-container uagb-layout-flex uagb-block-57f54bcc\">\n<figure class=\"wp-block-video\"><video controls src=\"http:\/\/www.origmaker.cn\/wp-content\/uploads\/2024\/04\/Desktop-SLS-3D-Printer-Fusion-Lite-Working-00.mp4\"><\/video><\/figure>\n<\/div>\n\n\n\n<div class=\"wp-block-uagb-container uagb-block-4b219212\">\n<figure class=\"wp-block-video\"><video controls src=\"http:\/\/www.origmaker.cn\/wp-content\/uploads\/2024\/04\/Desktop-SLS-3D-Printer-Fusion-Lite-Working-01.mp4\"><\/video><\/figure>\n<\/div>\n<\/div><\/div>\n\n\n\n<div class=\"wp-block-uagb-advanced-heading uagb-block-a181d213\"><h2 class=\"uagb-heading-text\">Features<\/h2><\/div>\n\n\n\n<div class=\"wp-block-uagb-container uagb-block-ahzop2ul alignfull uagb-is-root-container\"><div class=\"uagb-container-inner-blocks-wrap\">\n<div class=\"wp-block-uagb-image alignleft uagb-block-rkjfkf4k wp-block-uagb-image--layout-default wp-block-uagb-image--effect-static wp-block-uagb-image--align-left\"><figure class=\"wp-block-uagb-image__figure\"><img decoding=\"async\" srcset=\"https:\/\/desktopequip.com\/wp-content\/uploads\/2025\/11\/F100-SLS-3D-Printer02-618x1024.png ,https:\/\/desktopequip.com\/wp-content\/uploads\/2025\/11\/F100-SLS-3D-Printer02.png 780w, https:\/\/desktopequip.com\/wp-content\/uploads\/2025\/11\/F100-SLS-3D-Printer02.png 360w\" sizes=\"auto, (max-width: 480px) 150px\" src=\"http:\/\/www.origmaker.cn\/wp-content\/uploads\/2025\/11\/F100-SLS-3D-Printer02-618x1024.png\" alt=\"\" class=\"uag-image-3575\" width=\"309\" height=\"512\" title=\"F100 SLS 3D Printer02\" loading=\"lazy\" role=\"img\"\/><\/figure><\/div>\n\n\n\n<div class=\"wp-block-uagb-container uagb-block-d1ha9kb6\">\n<div class=\"wp-block-uagb-info-box uagb-block-iv117nvr uagb-infobox__content-wrap  uagb-infobox-icon-above-title uagb-infobox-image-valign-top\"><div class=\"uagb-ifb-content\"><div class=\"uagb-ifb-title-wrap\"><h3 class=\"uagb-ifb-title\">Desktop SLS Creates Miracles<\/h3><\/div><\/div><\/div>\n\n\n\n<div class=\"wp-block-uagb-info-box uagb-block-g0nleukq uagb-infobox__content-wrap  uagb-infobox-icon-left uagb-infobox-left uagb-infobox-image-valign-top\"><div class=\"uagb-ifb-icon-wrap\"><div class=\"uagb-iconbox-icon-wrap uagb-infobox-shape-circle\"><svg xmlns=\"https:\/\/www.w3.org\/2000\/svg\" viewBox=\"0 0 448 512\"><path d=\"M438.6 105.4C451.1 117.9 451.1 138.1 438.6 150.6L182.6 406.6C170.1 419.1 149.9 419.1 137.4 406.6L9.372 278.6C-3.124 266.1-3.124 245.9 9.372 233.4C21.87 220.9 42.13 220.9 54.63 233.4L159.1 338.7L393.4 105.4C405.9 92.88 426.1 92.88 438.6 105.4H438.6z\"><\/path><\/svg><\/div><\/div><div class=\"uagb-ifb-content\"><div class=\"uagb-ifb-title-wrap\"><h4 class=\"uagb-ifb-title\"><strong>High Precision <\/strong><\/h4><\/div><p class=\"uagb-ifb-desc\">Typical component accuracy of \u00b10.1mm, no support needed, suitable for manufacturing precise prototypes and functional parts.<\/p><\/div><\/div>\n\n\n\n<div class=\"wp-block-uagb-info-box uagb-block-jqwfpzyu uagb-infobox__content-wrap  uagb-infobox-icon-left uagb-infobox-left uagb-infobox-image-valign-top\"><div class=\"uagb-ifb-icon-wrap\"><div class=\"uagb-iconbox-icon-wrap uagb-infobox-shape-circle\"><svg xmlns=\"https:\/\/www.w3.org\/2000\/svg\" viewBox=\"0 0 448 512\"><path d=\"M438.6 105.4C451.1 117.9 451.1 138.1 438.6 150.6L182.6 406.6C170.1 419.1 149.9 419.1 137.4 406.6L9.372 278.6C-3.124 266.1-3.124 245.9 9.372 233.4C21.87 220.9 42.13 220.9 54.63 233.4L159.1 338.7L393.4 105.4C405.9 92.88 426.1 92.88 438.6 105.4H438.6z\"><\/path><\/svg><\/div><\/div><div class=\"uagb-ifb-content\"><div class=\"uagb-ifb-title-wrap\"><h4 class=\"uagb-ifb-title\"><strong>Multiple Materials<\/strong><\/h4><\/div><p class=\"uagb-ifb-desc\">Supports a variety of thermoplastic materials such as nylon and TPU, with high strength and wear resistance for molded parts<\/p><\/div><\/div>\n\n\n\n<div class=\"wp-block-uagb-info-box uagb-block-c260643b uagb-infobox__content-wrap  uagb-infobox-icon-left uagb-infobox-left uagb-infobox-image-valign-top\"><div class=\"uagb-ifb-icon-wrap\"><div class=\"uagb-iconbox-icon-wrap uagb-infobox-shape-circle\"><svg xmlns=\"https:\/\/www.w3.org\/2000\/svg\" viewBox=\"0 0 448 512\"><path d=\"M438.6 105.4C451.1 117.9 451.1 138.1 438.6 150.6L182.6 406.6C170.1 419.1 149.9 419.1 137.4 406.6L9.372 278.6C-3.124 266.1-3.124 245.9 9.372 233.4C21.87 220.9 42.13 220.9 54.63 233.4L159.1 338.7L393.4 105.4C405.9 92.88 426.1 92.88 438.6 105.4H438.6z\"><\/path><\/svg><\/div><\/div><div class=\"uagb-ifb-content\"><div class=\"uagb-ifb-title-wrap\"><h4 class=\"uagb-ifb-title\"><strong>Cost-effective<\/strong><\/h4><\/div><p class=\"uagb-ifb-desc\"><a href=\"Cost-effective: High material utilization with nearly no waste. Desktop size and low equipment cost.\">Cost-effective: High material utilization with nearly no waste. Desktop size and low equipment cost.<\/a><\/p><\/div><\/div>\n<\/div>\n<\/div><\/div>\n\n\n\n<div class=\"wp-block-uagb-container uagb-block-mwg59k1i alignfull uagb-is-root-container\"><div class=\"uagb-container-inner-blocks-wrap\">\n<div class=\"wp-block-uagb-container uagb-block-kn6ehpc9\">\n<div class=\"wp-block-uagb-advanced-heading uagb-block-79505fe2\"><h2 class=\"uagb-heading-text\">Specs<\/h2><\/div>\n<\/div>\n\n\n\n<div class=\"wp-block-uagb-container uagb-block-w2gklvzh\">\n<div class=\"wp-block-uagb-container uagb-block-qjrf5sf2\">\n<div class=\"wp-block-uagb-container uagb-block-5bbfvmuw\">\n<div class=\"wp-block-uagb-info-box uagb-block-q9j7qr9c uagb-infobox__content-wrap  uagb-infobox-icon-above-title uagb-infobox-image-valign-top\"><div class=\"uagb-ifb-content\"><div class=\"uagb-ifb-title-wrap\"><h5 class=\"uagb-ifb-title-prefix\">General<\/h5><\/div><\/div><\/div>\n<\/div>\n\n\n\n<div class=\"wp-block-uagb-container uagb-block-f6qmaaar\">\n<div class=\"wp-block-uagb-info-box uagb-block-xnf5src5 uagb-infobox__content-wrap  uagb-infobox-icon-above-title uagb-infobox-image-valign-top\"><div class=\"uagb-ifb-content\"><div class=\"uagb-ifb-title-wrap\"><p class=\"uagb-ifb-title\">Printer Dimensions\u00a0(L\u00d7W\u00d7H)              39\u00d735\u00d779cm<br>Net Weight                                                      33\u00a0kg<br>Print Volume\u00a0(X\u00d7Y\u00d7Z)                              130&#215;130\u00d7120\u00a0mm<br>Materials                                                          PA11\u00a0\u00a0PA12\u00a0 \u00a0TPU <strong>\u00a0\u00a0<\/strong><\/p><\/div><\/div><\/div>\n<\/div>\n<\/div>\n\n\n\n<div class=\"wp-block-uagb-container uagb-block-6blo09jj\">\n<div class=\"wp-block-uagb-container uagb-block-eoghekkr\">\n<div class=\"wp-block-uagb-info-box uagb-block-8gnkanlx uagb-infobox__content-wrap  uagb-infobox-icon-above-title uagb-infobox-image-valign-top\"><div class=\"uagb-ifb-content\"><div class=\"uagb-ifb-title-wrap\"><h5 class=\"uagb-ifb-title-prefix\">Powder Bin<\/h5><\/div><\/div><\/div>\n<\/div>\n\n\n\n<div class=\"wp-block-uagb-container uagb-block-svzueem2\">\n<div class=\"wp-block-uagb-info-box uagb-block-wx1debfe uagb-infobox__content-wrap  uagb-infobox-icon-above-title uagb-infobox-image-valign-top\"><div class=\"uagb-ifb-content\"><div class=\"uagb-ifb-title-wrap\"><p class=\"uagb-ifb-title\">Layer Thickness                                               Z-Axis:0.1mm,X\/Y Axes:0.05mm<br>Powder Capacity                                             140&#215;140\u00d7130\u00a0mm,3 kg<br>Heating Time\u00a0(25\u00b0\u2103 Environment)     15-25 minutes<br>Max Printing Speed                                        80\u00a0mm\/hr in Z(0.1mm layer thickness)<br>Min Material Refresh Rate                        10%<\/p><\/div><\/div><\/div>\n<\/div>\n<\/div>\n\n\n\n<div class=\"wp-block-uagb-container uagb-block-02c97501\">\n<div class=\"wp-block-uagb-container uagb-block-513624da\">\n<div class=\"wp-block-uagb-info-box uagb-block-dac03913 uagb-infobox__content-wrap  uagb-infobox-icon-above-title uagb-infobox-image-valign-top\"><div class=\"uagb-ifb-content\"><div class=\"uagb-ifb-title-wrap\"><h5 class=\"uagb-ifb-title-prefix\">Printer<\/h5><\/div><\/div><\/div>\n<\/div>\n\n\n\n<div class=\"wp-block-uagb-container uagb-block-033b40bd\">\n<div class=\"wp-block-uagb-info-box uagb-block-9e5916a8 uagb-infobox__content-wrap  uagb-infobox-icon-above-title uagb-infobox-image-valign-top\"><div class=\"uagb-ifb-content\"><div class=\"uagb-ifb-title-wrap\"><p class=\"uagb-ifb-title\">Laser Source                                       5W 450nm diode, variable power<br>Laser Scanning                                   Closed-loop X-Y galvanometer<br>Surface Heating                                 4-zone infrared lamp independent heaters<br>Chamber Heating                             4-zone PTC independent heaters<br>Air Purification                                   External required<br>Radiation Level                                   Class 1 laser product<br>OS &amp; Connectivity                            Windows, SD card<br>Power Requirements                      220-240VAC 5A single phase<br>Average Power Consumption    500W<br>Operating Environment                18-28\u2103,  Relative humidity&lt;80%<br>Slicing                                                       Magics Slicing, CREA Builder Export<\/p><\/div><\/div><\/div>\n<\/div>\n<\/div>\n<\/div>\n<\/div><\/div>\n\n\n\n<p><\/p>\n\n\n\n<div class=\"wp-block-uagb-advanced-heading uagb-block-cb197282\"><h2 class=\"uagb-heading-text\">Photo<\/h2><\/div>\n\n\n\n<figure class=\"wp-block-gallery has-nested-images columns-default is-cropped wp-block-gallery-1 is-layout-flex wp-block-gallery-is-layout-flex\">\n<figure class=\"wp-block-image size-large\"><img decoding=\"async\" data-id=\"2895\" src=\"http:\/\/www.origmaker.cn\/wp-content\/uploads\/2024\/10\/9f6daeb7fbbc6104a1df5169cec6a31-768x1024.jpg\" alt=\"\" class=\"wp-image-2895\"\/><\/figure>\n\n\n\n<figure class=\"wp-block-image size-large\"><img decoding=\"async\" data-id=\"2896\" src=\"http:\/\/www.origmaker.cn\/wp-content\/uploads\/2024\/10\/f2e37095414c551ab44b40baaafc91a-576x1024.jpg\" alt=\"\" class=\"wp-image-2896\"\/><\/figure>\n\n\n\n<figure class=\"wp-block-image size-large\"><img decoding=\"async\" data-id=\"2904\" src=\"http:\/\/www.origmaker.cn\/wp-content\/uploads\/2024\/10\/%E5%BE%AE%E4%BF%A1%E5%9B%BE%E7%89%87_20241009141844-1-819x1024.jpg\" alt=\"\" class=\"wp-image-2904\"\/><\/figure>\n<\/figure>\n\n\n\n<div class=\"wp-block-uagb-container uagb-block-f92d0266 alignfull uagb-is-root-container\"><div class=\"uagb-container-inner-blocks-wrap\">\n<div class=\"wp-block-uagb-container uagb-block-cbd20dc0\">\n<figure class=\"wp-block-image size-full\"><img decoding=\"async\" src=\"http:\/\/www.origmaker.cn\/wp-content\/uploads\/2024\/10\/%E5%BE%AE%E4%BF%A1%E5%9B%BE%E7%89%87_20241009141826.jpg\" alt=\"\" class=\"wp-image-2906\"\/><\/figure>\n<\/div>\n\n\n\n<div class=\"wp-block-uagb-container uagb-block-1f1d8349\">\n<figure class=\"wp-block-image size-full\"><img decoding=\"async\" src=\"http:\/\/www.origmaker.cn\/wp-content\/uploads\/2024\/10\/%E5%BE%AE%E4%BF%A1%E5%9B%BE%E7%89%87_20241009141922-1.jpg\" alt=\"\" class=\"wp-image-2905\"\/><\/figure>\n<\/div>\n<\/div><\/div>\n\n\n\n<p><\/p>\n","protected":false},"excerpt":{"rendered":"<p>Video Features Specs [&hellip;]<\/p>\n","protected":false},"author":1,"featured_media":0,"parent":0,"menu_order":0,"comment_status":"closed","ping_status":"closed","template":"","meta":{"_uag_custom_page_level_css":"","site-sidebar-layout":"default","site-content-layout":"","ast-site-content-layout":"default","site-content-style":"default","site-sidebar-style":"default","ast-global-header-display":"","ast-banner-title-visibility":"","ast-main-header-display":"","ast-hfb-above-header-display":"","ast-hfb-below-header-display":"","ast-hfb-mobile-header-display":"","site-post-title":"","ast-breadcrumbs-content":"","ast-featured-img":"","footer-sml-layout":"","ast-disable-related-posts":"","theme-transparent-header-meta":"","adv-header-id-meta":"","stick-header-meta":"","header-above-stick-meta":"","header-main-stick-meta":"","header-below-stick-meta":"","astra-migrate-meta-layouts":"set","ast-page-background-enabled":"default","ast-page-background-meta":{"desktop":{"background-color":"var(--ast-global-color-5)","background-image":"","background-repeat":"repeat","background-position":"center center","background-size":"auto","background-attachment":"scroll","background-type":"","background-media":"","overlay-type":"","overlay-color":"","overlay-opacity":"","overlay-gradient":""},"tablet":{"background-color":"","background-image":"","background-repeat":"repeat","background-position":"center center","background-size":"auto","background-attachment":"scroll","background-type":"","background-media":"","overlay-type":"","overlay-color":"","overlay-opacity":"","overlay-gradient":""},"mobile":{"background-color":"","background-image":"","background-repeat":"repeat","background-position":"center center","background-size":"auto","background-attachment":"scroll","background-type":"","background-media":"","overlay-type":"","overlay-color":"","overlay-opacity":"","overlay-gradient":""}},"ast-content-background-meta":{"desktop":{"background-color":"var(--ast-global-color-4)","background-image":"","background-repeat":"repeat","background-position":"center center","background-size":"auto","background-attachment":"scroll","background-type":"","background-media":"","overlay-type":"","overlay-color":"","overlay-opacity":"","overlay-gradient":""},"tablet":{"background-color":"var(--ast-global-color-4)","background-image":"","background-repeat":"repeat","background-position":"center center","background-size":"auto","background-attachment":"scroll","background-type":"","background-media":"","overlay-type":"","overlay-color":"","overlay-opacity":"","overlay-gradient":""},"mobile":{"background-color":"var(--ast-global-color-4)","background-image":"","background-repeat":"repeat","background-position":"center center","background-size":"auto","background-attachment":"scroll","background-type":"","background-media":"","overlay-type":"","overlay-color":"","overlay-opacity":"","overlay-gradient":""}},"footnotes":""},"class_list":["post-2531","page","type-page","status-publish","hentry"],"yoast_head":"<!-- This site is optimized with the Yoast SEO plugin v27.5 - https:\/\/yoast.com\/product\/yoast-seo-wordpress\/ -->\n<title>Desktop SLS Printer - OrigMaker\u6e90\u9020\u79d1\u6280<\/title>\n<meta name=\"robots\" content=\"index, follow, max-snippet:-1, max-image-preview:large, max-video-preview:-1\" \/>\n<link rel=\"canonical\" href=\"https:\/\/www.origmaker.cn\/index.php\/desktop-sls-printer\/\" \/>\n<meta property=\"og:locale\" content=\"zh_CN\" \/>\n<meta property=\"og:type\" content=\"article\" \/>\n<meta property=\"og:title\" content=\"Desktop SLS Printer - OrigMaker\u6e90\u9020\u79d1\u6280\" \/>\n<meta property=\"og:description\" content=\"Video Features Specs [&hellip;]\" \/>\n<meta property=\"og:url\" content=\"https:\/\/www.origmaker.cn\/index.php\/desktop-sls-printer\/\" \/>\n<meta property=\"og:site_name\" content=\"OrigMaker\u6e90\u9020\u79d1\u6280\" \/>\n<meta property=\"og:image\" content=\"http:\/\/www.origmaker.cn\/wp-content\/uploads\/2025\/11\/F100-SLS-3D-Printer01-463x1024.jpg\" \/>\n<meta name=\"twitter:card\" content=\"summary_large_image\" \/>\n<meta name=\"twitter:label1\" content=\"\u9884\u8ba1\u9605\u8bfb\u65f6\u95f4\" \/>\n\t<meta name=\"twitter:data1\" content=\"3 \u5206\" \/>\n<script type=\"application\/ld+json\" class=\"yoast-schema-graph\">{\"@context\":\"https:\\\/\\\/schema.org\",\"@graph\":[{\"@type\":\"WebPage\",\"@id\":\"https:\\\/\\\/www.origmaker.cn\\\/index.php\\\/desktop-sls-printer\\\/\",\"url\":\"https:\\\/\\\/www.origmaker.cn\\\/index.php\\\/desktop-sls-printer\\\/\",\"name\":\"Desktop SLS Printer - OrigMaker\u6e90\u9020\u79d1\u6280\",\"isPartOf\":{\"@id\":\"https:\\\/\\\/www.origmaker.cn\\\/#website\"},\"primaryImageOfPage\":{\"@id\":\"https:\\\/\\\/www.origmaker.cn\\\/index.php\\\/desktop-sls-printer\\\/#primaryimage\"},\"image\":{\"@id\":\"https:\\\/\\\/www.origmaker.cn\\\/index.php\\\/desktop-sls-printer\\\/#primaryimage\"},\"thumbnailUrl\":\"http:\\\/\\\/www.origmaker.cn\\\/wp-content\\\/uploads\\\/2025\\\/11\\\/F100-SLS-3D-Printer01-463x1024.jpg\",\"datePublished\":\"2024-04-11T15:38:03+00:00\",\"breadcrumb\":{\"@id\":\"https:\\\/\\\/www.origmaker.cn\\\/index.php\\\/desktop-sls-printer\\\/#breadcrumb\"},\"inLanguage\":\"zh-Hans\",\"potentialAction\":[{\"@type\":\"ReadAction\",\"target\":[\"https:\\\/\\\/www.origmaker.cn\\\/index.php\\\/desktop-sls-printer\\\/\"]}]},{\"@type\":\"ImageObject\",\"inLanguage\":\"zh-Hans\",\"@id\":\"https:\\\/\\\/www.origmaker.cn\\\/index.php\\\/desktop-sls-printer\\\/#primaryimage\",\"url\":\"http:\\\/\\\/www.origmaker.cn\\\/wp-content\\\/uploads\\\/2025\\\/11\\\/F100-SLS-3D-Printer01-463x1024.jpg\",\"contentUrl\":\"http:\\\/\\\/www.origmaker.cn\\\/wp-content\\\/uploads\\\/2025\\\/11\\\/F100-SLS-3D-Printer01-463x1024.jpg\"},{\"@type\":\"BreadcrumbList\",\"@id\":\"https:\\\/\\\/www.origmaker.cn\\\/index.php\\\/desktop-sls-printer\\\/#breadcrumb\",\"itemListElement\":[{\"@type\":\"ListItem\",\"position\":1,\"name\":\"\u9996\u9875\",\"item\":\"https:\\\/\\\/www.origmaker.cn\\\/\"},{\"@type\":\"ListItem\",\"position\":2,\"name\":\"Desktop SLS Printer\"}]},{\"@type\":\"WebSite\",\"@id\":\"https:\\\/\\\/www.origmaker.cn\\\/#website\",\"url\":\"https:\\\/\\\/www.origmaker.cn\\\/\",\"name\":\"OrigMaker\u6e90\u9020\u79d1\u6280\",\"description\":\"\",\"potentialAction\":[{\"@type\":\"SearchAction\",\"target\":{\"@type\":\"EntryPoint\",\"urlTemplate\":\"https:\\\/\\\/www.origmaker.cn\\\/?s={search_term_string}\"},\"query-input\":{\"@type\":\"PropertyValueSpecification\",\"valueRequired\":true,\"valueName\":\"search_term_string\"}}],\"inLanguage\":\"zh-Hans\"}]}<\/script>\n<!-- \/ Yoast SEO plugin. -->","yoast_head_json":{"title":"Desktop SLS Printer - OrigMaker\u6e90\u9020\u79d1\u6280","robots":{"index":"index","follow":"follow","max-snippet":"max-snippet:-1","max-image-preview":"max-image-preview:large","max-video-preview":"max-video-preview:-1"},"canonical":"https:\/\/www.origmaker.cn\/index.php\/desktop-sls-printer\/","og_locale":"zh_CN","og_type":"article","og_title":"Desktop SLS Printer - OrigMaker\u6e90\u9020\u79d1\u6280","og_description":"Video Features Specs [&hellip;]","og_url":"https:\/\/www.origmaker.cn\/index.php\/desktop-sls-printer\/","og_site_name":"OrigMaker\u6e90\u9020\u79d1\u6280","og_image":[{"url":"http:\/\/www.origmaker.cn\/wp-content\/uploads\/2025\/11\/F100-SLS-3D-Printer01-463x1024.jpg","type":"","width":"","height":""}],"twitter_card":"summary_large_image","twitter_misc":{"\u9884\u8ba1\u9605\u8bfb\u65f6\u95f4":"3 \u5206"},"schema":{"@context":"https:\/\/schema.org","@graph":[{"@type":"WebPage","@id":"https:\/\/www.origmaker.cn\/index.php\/desktop-sls-printer\/","url":"https:\/\/www.origmaker.cn\/index.php\/desktop-sls-printer\/","name":"Desktop SLS Printer - OrigMaker\u6e90\u9020\u79d1\u6280","isPartOf":{"@id":"https:\/\/www.origmaker.cn\/#website"},"primaryImageOfPage":{"@id":"https:\/\/www.origmaker.cn\/index.php\/desktop-sls-printer\/#primaryimage"},"image":{"@id":"https:\/\/www.origmaker.cn\/index.php\/desktop-sls-printer\/#primaryimage"},"thumbnailUrl":"http:\/\/www.origmaker.cn\/wp-content\/uploads\/2025\/11\/F100-SLS-3D-Printer01-463x1024.jpg","datePublished":"2024-04-11T15:38:03+00:00","breadcrumb":{"@id":"https:\/\/www.origmaker.cn\/index.php\/desktop-sls-printer\/#breadcrumb"},"inLanguage":"zh-Hans","potentialAction":[{"@type":"ReadAction","target":["https:\/\/www.origmaker.cn\/index.php\/desktop-sls-printer\/"]}]},{"@type":"ImageObject","inLanguage":"zh-Hans","@id":"https:\/\/www.origmaker.cn\/index.php\/desktop-sls-printer\/#primaryimage","url":"http:\/\/www.origmaker.cn\/wp-content\/uploads\/2025\/11\/F100-SLS-3D-Printer01-463x1024.jpg","contentUrl":"http:\/\/www.origmaker.cn\/wp-content\/uploads\/2025\/11\/F100-SLS-3D-Printer01-463x1024.jpg"},{"@type":"BreadcrumbList","@id":"https:\/\/www.origmaker.cn\/index.php\/desktop-sls-printer\/#breadcrumb","itemListElement":[{"@type":"ListItem","position":1,"name":"\u9996\u9875","item":"https:\/\/www.origmaker.cn\/"},{"@type":"ListItem","position":2,"name":"Desktop SLS Printer"}]},{"@type":"WebSite","@id":"https:\/\/www.origmaker.cn\/#website","url":"https:\/\/www.origmaker.cn\/","name":"OrigMaker\u6e90\u9020\u79d1\u6280","description":"","potentialAction":[{"@type":"SearchAction","target":{"@type":"EntryPoint","urlTemplate":"https:\/\/www.origmaker.cn\/?s={search_term_string}"},"query-input":{"@type":"PropertyValueSpecification","valueRequired":true,"valueName":"search_term_string"}}],"inLanguage":"zh-Hans"}]}},"uagb_featured_image_src":{"full":false,"thumbnail":false,"medium":false,"medium_large":false,"large":false,"1536x1536":false,"2048x2048":false},"uagb_author_info":{"display_name":"Origmaker","author_link":"https:\/\/www.origmaker.cn\/index.php\/author\/origmaker\/"},"uagb_comment_info":0,"uagb_excerpt":"Video Features Specs [&hellip;]","_links":{"self":[{"href":"https:\/\/www.origmaker.cn\/index.php\/wp-json\/wp\/v2\/pages\/2531","targetHints":{"allow":["GET"]}}],"collection":[{"href":"https:\/\/www.origmaker.cn\/index.php\/wp-json\/wp\/v2\/pages"}],"about":[{"href":"https:\/\/www.origmaker.cn\/index.php\/wp-json\/wp\/v2\/types\/page"}],"author":[{"embeddable":true,"href":"https:\/\/www.origmaker.cn\/index.php\/wp-json\/wp\/v2\/users\/1"}],"replies":[{"embeddable":true,"href":"https:\/\/www.origmaker.cn\/index.php\/wp-json\/wp\/v2\/comments?post=2531"}],"version-history":[{"count":0,"href":"https:\/\/www.origmaker.cn\/index.php\/wp-json\/wp\/v2\/pages\/2531\/revisions"}],"wp:attachment":[{"href":"https:\/\/www.origmaker.cn\/index.php\/wp-json\/wp\/v2\/media?parent=2531"}],"curies":[{"name":"wp","href":"https:\/\/api.w.org\/{rel}","templated":true}]}}